{"id":6,"date":"2019-10-24T17:56:40","date_gmt":"2019-10-24T15:56:40","guid":{"rendered":"https:\/\/www.optique-microsystemes.com\/?page_id=6"},"modified":"2019-10-24T18:05:57","modified_gmt":"2019-10-24T16:05:57","slug":"plan-du-site","status":"publish","type":"page","link":"https:\/\/www.optique-microsystemes.com\/fr\/plan-du-site\/","title":{"rendered":"Plan du site"},"content":{"rendered":"<div class=\"wsp-container\"><h2 class=\"wsp-pages-title\">Pages<\/h2>\n<ul class=\"wsp-pages-list\">\n<li class=\"page_item page-item-3\"><a title=\"Mentions l\u00e9gales et Politique de confidentialit\u00e9\" href=\"https:\/\/www.optique-microsystemes.com\/fr\/mentions-legales-et-politique-de-confidentialite\/\">Mentions l\u00e9gales et Politique de confidentialit\u00e9<\/a><\/li>\n<li class=\"page_item page-item-6\"><a title=\"Plan du site\" href=\"https:\/\/www.optique-microsystemes.com\/fr\/plan-du-site\/\">Plan du site<\/a><\/li>\n<li class=\"page_item page-item-8511\"><a title=\"Entreprise\" href=\"https:\/\/www.optique-microsystemes.com\/fr\/entreprise\/\">Entreprise<\/a><\/li>\n<li class=\"page_item page-item-8513\"><a title=\"Comp\u00e9tences\" href=\"https:\/\/www.optique-microsystemes.com\/fr\/competences\/\">Comp\u00e9tences<\/a><\/li>\n<li class=\"page_item page-item-8515\"><a title=\"R\u00e9alisations\" href=\"https:\/\/www.optique-microsystemes.com\/fr\/realisations\/\">R\u00e9alisations<\/a><\/li>\n<li class=\"page_item page-item-8517\"><a title=\"R\u00e9f\u00e9rences\" href=\"https:\/\/www.optique-microsystemes.com\/fr\/references\/\">R\u00e9f\u00e9rences<\/a><\/li>\n<li class=\"page_item page-item-8519\"><a title=\"Partenaires\" href=\"https:\/\/www.optique-microsystemes.com\/fr\/partenaires\/\">Partenaires<\/a><\/li>\n<li class=\"page_item page-item-9464\"><a title=\"Politique des cookies (UE)\" href=\"https:\/\/www.optique-microsystemes.com\/fr\/politique-des-cookies-ue\/\">Politique des cookies (UE)<\/a><\/li>\n<li class=\"page_item page-item-915\"><a title=\"Accueil\" href=\"https:\/\/www.optique-microsystemes.com\/fr\/\">Accueil<\/a><\/li>\n<li class=\"page_item page-item-527\"><a title=\"Contact\" href=\"https:\/\/www.optique-microsystemes.com\/fr\/contact\/\">Contact<\/a><\/li>\n<\/ul>\n<\/div>\n<div class=\"wsp-container\"><\/div>\n","protected":false},"excerpt":{"rendered":"Pages Mentions l\u00e9gales et Politique de confidentialit\u00e9 Plan du site Entreprise Comp\u00e9tences R\u00e9alisations R\u00e9f\u00e9rences Partenaires Politique des cookies (UE) Accueil Contact","protected":false},"author":1,"featured_media":0,"parent":0,"menu_order":0,"comment_status":"closed","ping_status":"closed","template":"","meta":{"footnotes":""},"class_list":["post-6","page","type-page","status-publish","hentry"],"yoast_head":"<!-- This site is optimized with the Yoast SEO plugin v25.1 - https:\/\/yoast.com\/wordpress\/plugins\/seo\/ -->\n<title>Plan du site - OP\u00b5S<\/title>\n<meta name=\"robots\" content=\"index, follow, max-snippet:-1, max-image-preview:large, max-video-preview:-1\" \/>\n<link rel=\"canonical\" href=\"https:\/\/www.optique-microsystemes.com\/fr\/plan-du-site\/\" \/>\n<meta property=\"og:locale\" content=\"fr_FR\" \/>\n<meta property=\"og:type\" content=\"article\" \/>\n<meta property=\"og:title\" content=\"Plan du site - OP\u00b5S\" \/>\n<meta property=\"og:url\" content=\"https:\/\/www.optique-microsystemes.com\/fr\/plan-du-site\/\" \/>\n<meta property=\"og:site_name\" content=\"OP\u00b5S\" \/>\n<meta property=\"article:modified_time\" content=\"2019-10-24T16:05:57+00:00\" \/>\n<meta property=\"og:image\" content=\"https:\/\/www.optique-microsystemes.com\/wp-content\/uploads\/2021\/02\/logo-opus-open-graph.jpg\" \/>\n\t<meta property=\"og:image:width\" content=\"1200\" \/>\n\t<meta property=\"og:image:height\" content=\"630\" \/>\n\t<meta property=\"og:image:type\" content=\"image\/jpeg\" \/>\n<meta name=\"twitter:card\" content=\"summary_large_image\" \/>\n<script type=\"application\/ld+json\" class=\"yoast-schema-graph\">{\"@context\":\"https:\/\/schema.org\",\"@graph\":[{\"@type\":\"WebPage\",\"@id\":\"https:\/\/www.optique-microsystemes.com\/fr\/plan-du-site\/\",\"url\":\"https:\/\/www.optique-microsystemes.com\/fr\/plan-du-site\/\",\"name\":\"Plan du site - OP\u00b5S\",\"isPartOf\":{\"@id\":\"https:\/\/www.optique-microsystemes.com\/fr\/#website\"},\"datePublished\":\"2019-10-24T15:56:40+00:00\",\"dateModified\":\"2019-10-24T16:05:57+00:00\",\"breadcrumb\":{\"@id\":\"https:\/\/www.optique-microsystemes.com\/fr\/plan-du-site\/#breadcrumb\"},\"inLanguage\":\"fr-FR\",\"potentialAction\":[{\"@type\":\"ReadAction\",\"target\":[\"https:\/\/www.optique-microsystemes.com\/fr\/plan-du-site\/\"]}]},{\"@type\":\"BreadcrumbList\",\"@id\":\"https:\/\/www.optique-microsystemes.com\/fr\/plan-du-site\/#breadcrumb\",\"itemListElement\":[{\"@type\":\"ListItem\",\"position\":1,\"name\":\"Accueil\",\"item\":\"https:\/\/www.optique-microsystemes.com\/fr\/\"},{\"@type\":\"ListItem\",\"position\":2,\"name\":\"Plan du site\"}]},{\"@type\":\"WebSite\",\"@id\":\"https:\/\/www.optique-microsystemes.com\/fr\/#website\",\"url\":\"https:\/\/www.optique-microsystemes.com\/fr\/\",\"name\":\"OP\u00b5S\",\"description\":\"Syst\u00e8mes optiques, robots de haute pr\u00e9cision, automation\",\"publisher\":{\"@id\":\"https:\/\/www.optique-microsystemes.com\/fr\/#organization\"},\"potentialAction\":[{\"@type\":\"SearchAction\",\"target\":{\"@type\":\"EntryPoint\",\"urlTemplate\":\"https:\/\/www.optique-microsystemes.com\/fr\/?s={search_term_string}\"},\"query-input\":{\"@type\":\"PropertyValueSpecification\",\"valueRequired\":true,\"valueName\":\"search_term_string\"}}],\"inLanguage\":\"fr-FR\"},{\"@type\":\"Organization\",\"@id\":\"https:\/\/www.optique-microsystemes.com\/fr\/#organization\",\"name\":\"OPTIQUE ET MICROSYSTEMES SA\",\"url\":\"https:\/\/www.optique-microsystemes.com\/fr\/\",\"logo\":{\"@type\":\"ImageObject\",\"inLanguage\":\"fr-FR\",\"@id\":\"https:\/\/www.optique-microsystemes.com\/fr\/#\/schema\/logo\/image\/\",\"url\":\"\",\"contentUrl\":\"\",\"caption\":\"OPTIQUE ET MICROSYSTEMES SA\"},\"image\":{\"@id\":\"https:\/\/www.optique-microsystemes.com\/fr\/#\/schema\/logo\/image\/\"}}]}<\/script>\n<!-- \/ Yoast SEO plugin. -->","yoast_head_json":{"title":"Plan du site - OP\u00b5S","robots":{"index":"index","follow":"follow","max-snippet":"max-snippet:-1","max-image-preview":"max-image-preview:large","max-video-preview":"max-video-preview:-1"},"canonical":"https:\/\/www.optique-microsystemes.com\/fr\/plan-du-site\/","og_locale":"fr_FR","og_type":"article","og_title":"Plan du site - OP\u00b5S","og_url":"https:\/\/www.optique-microsystemes.com\/fr\/plan-du-site\/","og_site_name":"OP\u00b5S","article_modified_time":"2019-10-24T16:05:57+00:00","og_image":[{"width":1200,"height":630,"url":"https:\/\/www.optique-microsystemes.com\/wp-content\/uploads\/2021\/02\/logo-opus-open-graph.jpg","type":"image\/jpeg"}],"twitter_card":"summary_large_image","schema":{"@context":"https:\/\/schema.org","@graph":[{"@type":"WebPage","@id":"https:\/\/www.optique-microsystemes.com\/fr\/plan-du-site\/","url":"https:\/\/www.optique-microsystemes.com\/fr\/plan-du-site\/","name":"Plan du site - OP\u00b5S","isPartOf":{"@id":"https:\/\/www.optique-microsystemes.com\/fr\/#website"},"datePublished":"2019-10-24T15:56:40+00:00","dateModified":"2019-10-24T16:05:57+00:00","breadcrumb":{"@id":"https:\/\/www.optique-microsystemes.com\/fr\/plan-du-site\/#breadcrumb"},"inLanguage":"fr-FR","potentialAction":[{"@type":"ReadAction","target":["https:\/\/www.optique-microsystemes.com\/fr\/plan-du-site\/"]}]},{"@type":"BreadcrumbList","@id":"https:\/\/www.optique-microsystemes.com\/fr\/plan-du-site\/#breadcrumb","itemListElement":[{"@type":"ListItem","position":1,"name":"Accueil","item":"https:\/\/www.optique-microsystemes.com\/fr\/"},{"@type":"ListItem","position":2,"name":"Plan du site"}]},{"@type":"WebSite","@id":"https:\/\/www.optique-microsystemes.com\/fr\/#website","url":"https:\/\/www.optique-microsystemes.com\/fr\/","name":"OP\u00b5S","description":"Syst\u00e8mes optiques, robots de haute pr\u00e9cision, automation","publisher":{"@id":"https:\/\/www.optique-microsystemes.com\/fr\/#organization"},"potentialAction":[{"@type":"SearchAction","target":{"@type":"EntryPoint","urlTemplate":"https:\/\/www.optique-microsystemes.com\/fr\/?s={search_term_string}"},"query-input":{"@type":"PropertyValueSpecification","valueRequired":true,"valueName":"search_term_string"}}],"inLanguage":"fr-FR"},{"@type":"Organization","@id":"https:\/\/www.optique-microsystemes.com\/fr\/#organization","name":"OPTIQUE ET MICROSYSTEMES SA","url":"https:\/\/www.optique-microsystemes.com\/fr\/","logo":{"@type":"ImageObject","inLanguage":"fr-FR","@id":"https:\/\/www.optique-microsystemes.com\/fr\/#\/schema\/logo\/image\/","url":"","contentUrl":"","caption":"OPTIQUE ET MICROSYSTEMES SA"},"image":{"@id":"https:\/\/www.optique-microsystemes.com\/fr\/#\/schema\/logo\/image\/"}}]}},"_links":{"self":[{"href":"https:\/\/www.optique-microsystemes.com\/fr\/wp-json\/wp\/v2\/pages\/6","targetHints":{"allow":["GET"]}}],"collection":[{"href":"https:\/\/www.optique-microsystemes.com\/fr\/wp-json\/wp\/v2\/pages"}],"about":[{"href":"https:\/\/www.optique-microsystemes.com\/fr\/wp-json\/wp\/v2\/types\/page"}],"author":[{"embeddable":true,"href":"https:\/\/www.optique-microsystemes.com\/fr\/wp-json\/wp\/v2\/users\/1"}],"replies":[{"embeddable":true,"href":"https:\/\/www.optique-microsystemes.com\/fr\/wp-json\/wp\/v2\/comments?post=6"}],"version-history":[{"count":0,"href":"https:\/\/www.optique-microsystemes.com\/fr\/wp-json\/wp\/v2\/pages\/6\/revisions"}],"wp:attachment":[{"href":"https:\/\/www.optique-microsystemes.com\/fr\/wp-json\/wp\/v2\/media?parent=6"}],"curies":[{"name":"wp","href":"https:\/\/api.w.org\/{rel}","templated":true}]}}