{"id":8513,"date":"2020-06-03T15:43:55","date_gmt":"2020-06-03T13:43:55","guid":{"rendered":"https:\/\/www.optique-microsystemes.com\/?page_id=8513"},"modified":"2024-04-10T17:01:30","modified_gmt":"2024-04-10T15:01:30","slug":"competences","status":"publish","type":"page","link":"https:\/\/www.optique-microsystemes.com\/fr\/competences\/","title":{"rendered":"Comp\u00e9tences"},"content":{"rendered":"<div class=\"wpb-content-wrapper\"><p>[vc_row equal_height=&#8221;yes&#8221; tc_enable_overlay=&#8221;true&#8221; css=&#8221;.vc_custom_1611911114018{background-position: center !important;background-repeat: no-repeat !important;background-size: cover !important;}&#8221; el_class=&#8221;xs-pd-lr&#8221;][vc_column css=&#8221;.vc_custom_1612796972572{padding-top: 88px !important;padding-right: 80px !important;padding-bottom: 88px !important;padding-left: 80px !important;background-color: #f6f7f9 !important;}&#8221; offset=&#8221;vc_col-lg-6 vc_col-md-6 vc_col-xs-12&#8243; el_class=&#8221;custom-portfolio cdev_box_shadow&#8221;][vc_column_text css=&#8221;.vc_custom_1592378141742{padding-top: 80px !important;}&#8221;]<\/p>\n<h2 class=\"text-blue\">Conception<\/h2>\n<ul>\n<li>Conception volum\u00e9trique 3D<\/li>\n<li>Calcul de r\u00e9sistance et de d\u00e9formation par \u00e9l\u00e9ments finis<\/li>\n<li>Calcul thermiques<\/li>\n<li>Calcul dynamiques<\/li>\n<li>Ma\u00eetrise des principes de conception salle blanche, ESD et alimentaire<\/li>\n<\/ul>\n<p>[\/vc_column_text][\/vc_column][vc_column width=&#8221;1\/2&#8243; offset=&#8221;vc_col-lg-6 vc_col-md-6 vc_hidden-sm vc_hidden-xs&#8221;][vc_single_image image=&#8221;9111&#8243; img_size=&#8221;full&#8221; css=&#8221;.vc_custom_1613227115162{margin-top: 30px !important;margin-right: 30px !important;margin-bottom: 30px !important;margin-left: 30px !important;}&#8221;][\/vc_column][\/vc_row][vc_row equal_height=&#8221;yes&#8221; tc_enable_overlay=&#8221;true&#8221; css=&#8221;.vc_custom_1611911457894{background-position: center !important;background-repeat: no-repeat !important;background-size: cover !important;}&#8221; el_class=&#8221;xs-pd-lr&#8221;][vc_column width=&#8221;1\/2&#8243; offset=&#8221;vc_col-lg-6 vc_col-md-6 vc_hidden-sm vc_hidden-xs&#8221;][vc_single_image image=&#8221;9280&#8243; img_size=&#8221;full&#8221; css=&#8221;.vc_custom_1611911440134{margin-top: 30px !important;margin-right: 30px !important;margin-bottom: 30px !important;margin-left: 30px !important;}&#8221;][\/vc_column][vc_column css=&#8221;.vc_custom_1592386235445{padding-top: 88px !important;padding-right: 80px !important;padding-bottom: 88px !important;padding-left: 80px !important;background-color: #f6f7f9 !important;}&#8221; offset=&#8221;vc_col-lg-6 vc_col-md-6 vc_col-xs-12&#8243; el_class=&#8221;custom-portfolio cdev_box_shadow&#8221;][vc_column_text css=&#8221;.vc_custom_1592378262206{padding-top: 80px !important;}&#8221;]<\/p>\n<h2 class=\"text-blue\">Optique<\/h2>\n<ul>\n<li>D\u00e9finition de chemins optiques<\/li>\n<li>Trac\u00e9s de rayons et export pour conception 3D<\/li>\n<li>Calcul de flux<\/li>\n<li>Mesure par interf\u00e9rom\u00e9trie laser<\/li>\n<li>Alignement et r\u00e9glage par lunette auto-collimatrice<\/li>\n<li>Calcul d\u2019optiques pour lumi\u00e8re visible, infra-rouges et ultra-violets<\/li>\n<li>Syst\u00e8mes asservis de renvoi de faisceaux<\/li>\n<\/ul>\n<p>[\/vc_column_text][\/vc_column][\/vc_row][vc_row equal_height=&#8221;yes&#8221; tc_enable_overlay=&#8221;true&#8221; css=&#8221;.vc_custom_1611911550068{background-position: center !important;background-repeat: no-repeat !important;background-size: cover !important;}&#8221; el_class=&#8221;xs-pd-lr&#8221;][vc_column css=&#8221;.vc_custom_1592386240940{padding-top: 88px !important;padding-right: 80px !important;padding-bottom: 88px !important;padding-left: 80px !important;background-color: #f6f7f9 !important;}&#8221; offset=&#8221;vc_col-lg-6 vc_col-md-6 vc_col-xs-12&#8243; el_class=&#8221;custom-portfolio cdev_box_shadow&#8221;][vc_column_text css=&#8221;.vc_custom_1613558160379{padding-top: 80px !important;}&#8221;]<\/p>\n<h2 class=\"text-blue\">Automation et programmation<\/h2>\n<p>Optique et Microsyst\u00e8mes utilise le framework oMachine, qui permet la programmation et le contr\u00f4le de machines complexes selon l\u2019\u00e9tat de l\u2019art :<\/p>\n<ul>\n<li>Architecture base PC et bus de terrain (EtherCAT, Profibus\u2026)<\/li>\n<li>Programmation industrielle .Net C# multit\u00e2che<\/li>\n<li>Automation temps r\u00e9el sous Beckhoff TwinCAT3 (programmation selon IEC 61131)<\/li>\n<li>Gestion s\u00e9curit\u00e9 machine selon ISO 13849 jusqu\u2019\u00e0 cat\u00e9gorie 4, PLe (Beckhoff TwinSAFE)<\/li>\n<li>Gestion bus de terrain multiples sur une m\u00eame machine<\/li>\n<li>Int\u00e9gration et pilotage de composants externes : contr\u00f4leurs thermiques, cartes d\u2019axes, robots, doseurs\u2026<\/li>\n<\/ul>\n<p>[\/vc_column_text][\/vc_column][vc_column width=&#8221;1\/2&#8243; offset=&#8221;vc_col-lg-6 vc_col-md-6 vc_hidden-sm vc_hidden-xs&#8221;][vc_single_image image=&#8221;9285&#8243; img_size=&#8221;full&#8221;][\/vc_column][\/vc_row][vc_row equal_height=&#8221;yes&#8221; tc_enable_overlay=&#8221;true&#8221; css=&#8221;.vc_custom_1611912060677{background-position: center !important;background-repeat: no-repeat !important;background-size: cover !important;}&#8221; el_class=&#8221;xs-pd-lr&#8221;][vc_column width=&#8221;1\/2&#8243; offset=&#8221;vc_col-lg-6 vc_col-md-6 vc_hidden-sm vc_hidden-xs&#8221;][vc_single_image image=&#8221;9637&#8243; img_size=&#8221;full&#8221;][\/vc_column][vc_column css=&#8221;.vc_custom_1592386249431{padding-top: 88px !important;padding-right: 80px !important;padding-bottom: 88px !important;padding-left: 80px !important;background-color: #f6f7f9 !important;}&#8221; offset=&#8221;vc_col-lg-6 vc_col-md-6 vc_col-xs-12&#8243; el_class=&#8221;custom-portfolio cdev_box_shadow&#8221;][vc_column_text css=&#8221;.vc_custom_1592378435995{padding-top: 80px !important;}&#8221;]<\/p>\n<h2 class=\"text-blue\">Vision industrielle<\/h2>\n<ul>\n<li>Vision industrielle base Cognex<\/li>\n<li>Contr\u00f4le de pi\u00e8ce<\/li>\n<li>Prise de r\u00e9f\u00e9rence automatique<\/li>\n<li>Dialogue entre vision et programme principal<\/li>\n<li>Aide \u00e0 l\u2019op\u00e9rateur pour prise de d\u00e9cision<\/li>\n<\/ul>\n<p>[\/vc_column_text][\/vc_column][\/vc_row][vc_row equal_height=&#8221;yes&#8221; tc_enable_overlay=&#8221;true&#8221; css=&#8221;.vc_custom_1611912118114{background-position: center !important;background-repeat: no-repeat !important;background-size: cover !important;}&#8221; el_class=&#8221;xs-pd-lr&#8221;][vc_column css=&#8221;.vc_custom_1592386254231{padding-top: 88px !important;padding-right: 80px !important;padding-bottom: 88px !important;padding-left: 80px !important;background-color: #f6f7f9 !important;}&#8221; offset=&#8221;vc_col-lg-6 vc_col-md-6 vc_col-xs-12&#8243; el_class=&#8221;custom-portfolio cdev_box_shadow&#8221;][vc_column_text css=&#8221;.vc_custom_1592378643291{padding-top: 80px !important;}&#8221;]<\/p>\n<h2 class=\"text-blue\">Assemblage et mise au point<\/h2>\n<ul>\n<li>Assemblage de modules et machines compl\u00e8tes<\/li>\n<li>Montage sous flux laminaire des parties sensibles (optique)<\/li>\n<li>Tests et validation du fonctionnement dans notre atelier<\/li>\n<\/ul>\n<p>[\/vc_column_text][\/vc_column][vc_column width=&#8221;1\/2&#8243; offset=&#8221;vc_col-lg-6 vc_col-md-6 vc_hidden-sm vc_hidden-xs&#8221;][vc_single_image image=&#8221;9573&#8243; img_size=&#8221;full&#8221;][\/vc_column][\/vc_row][vc_row equal_height=&#8221;yes&#8221; tc_enable_overlay=&#8221;true&#8221; css=&#8221;.vc_custom_1611912060677{background-position: center !important;background-repeat: no-repeat !important;background-size: cover !important;}&#8221; el_class=&#8221;xs-pd-lr&#8221;][vc_column width=&#8221;1\/2&#8243; offset=&#8221;vc_col-lg-6 vc_col-md-6 vc_hidden-sm vc_hidden-xs&#8221;][vc_single_image image=&#8221;9642&#8243; img_size=&#8221;full&#8221;][\/vc_column][vc_column css=&#8221;.vc_custom_1592386249431{padding-top: 88px !important;padding-right: 80px !important;padding-bottom: 88px !important;padding-left: 80px !important;background-color: #f6f7f9 !important;}&#8221; offset=&#8221;vc_col-lg-6 vc_col-md-6 vc_col-xs-12&#8243; el_class=&#8221;custom-portfolio cdev_box_shadow&#8221;][vc_column_text css=&#8221;.vc_custom_1613560018947{padding-top: 65px !important;}&#8221;]<\/p>\n<h2 class=\"text-blue\">Interfaces Homme Machine<\/h2>\n<ul>\n<li>Interface utilisateur intuitive, tactile et multilingue, avec aide contextuelle int\u00e9gr\u00e9e<\/li>\n<li>Int\u00e9gration native de composants logiciels ext\u00e9rieurs (CNC, FAO\u2026)<\/li>\n<\/ul>\n<p>[\/vc_column_text][\/vc_column][\/vc_row][vc_row css=&#8221;.vc_custom_1613561232652{margin-top: 100px !important;margin-bottom: 75px !important;}&#8221; el_class=&#8221;cdev_skills-slides&#8221;][vc_column css=&#8221;.vc_custom_1592375561159{padding-top: 80px !important;padding-right: 90px !important;padding-bottom: 30px !important;padding-left: 90px !important;}&#8221;]\t<div class=\"pgs_slider pgs_slider-style-3\">\n\t\t<div class=\"owl-carousel owl-carousel-2 owl-theme\"><div class=\"item\"><img decoding=\"async\" src=\"https:\/\/www.optique-microsystemes.com\/wp-content\/uploads\/2020\/06\/Simulation-d\u00e9formation.jpg\" alt=\"\"><\/div><div class=\"item\"><img decoding=\"async\" src=\"https:\/\/www.optique-microsystemes.com\/wp-content\/uploads\/2020\/06\/Simulation-contrainte.jpg\" alt=\"\"><\/div><div class=\"item\"><img decoding=\"async\" src=\"https:\/\/www.optique-microsystemes.com\/wp-content\/uploads\/2020\/06\/Optique-5.jpg\" alt=\"\"><\/div><div class=\"item\"><img decoding=\"async\" src=\"https:\/\/www.optique-microsystemes.com\/wp-content\/uploads\/2020\/06\/Optique-4.jpg\" alt=\"\"><\/div><div class=\"item\"><img decoding=\"async\" src=\"https:\/\/www.optique-microsystemes.com\/wp-content\/uploads\/2020\/06\/Zemax.jpg\" alt=\"\"><\/div><div class=\"item\"><img decoding=\"async\" src=\"https:\/\/www.optique-microsystemes.com\/wp-content\/uploads\/2020\/06\/Simulation-dynamique.jpg\" alt=\"\"><\/div><div class=\"item\"><img decoding=\"async\" src=\"https:\/\/www.optique-microsystemes.com\/wp-content\/uploads\/2020\/06\/Optique-3.jpg\" alt=\"\"><\/div><\/div>\t<\/div>\n\t[\/vc_column][\/vc_row]<\/p>\n<\/div>","protected":false},"excerpt":{"rendered":"<p>[vc_row equal_height=&#8221;yes&#8221; tc_enable_overlay=&#8221;true&#8221; css=&#8221;.vc_custom_1611911114018{background-position: center !important;background-repeat: no-repeat !important;background-size: cover !important;}&#8221; el_class=&#8221;xs-pd-lr&#8221;][vc_column css=&#8221;.vc_custom_1612796972572{padding-top: 88px !important;padding-right: 80px !important;padding-bottom: 88px !important;padding-left: 80px !important;background-color: #f6f7f9 !important;}&#8221; offset=&#8221;vc_col-lg-6 vc_col-md-6 vc_col-xs-12&#8243; el_class=&#8221;custom-portfolio cdev_box_shadow&#8221;][vc_column_text css=&#8221;.vc_custom_1592378141742{padding-top: 80px !important;}&#8221;] Conception Conception volum\u00e9trique 3D Calcul de r\u00e9sistance et de d\u00e9formation par \u00e9l\u00e9ments finis Calcul thermiques Calcul dynamiques Ma\u00eetrise des principes de conception salle blanche, ESD&hellip; <a class=\"read-more\" href=\"https:\/\/www.optique-microsystemes.com\/fr\/competences\/\" title=\"Read Comp\u00e9tences\">Lire la suite \u00bb<\/a><\/p>\n","protected":false},"author":1,"featured_media":0,"parent":0,"menu_order":0,"comment_status":"closed","ping_status":"closed","template":"","meta":{"footnotes":""},"class_list":["post-8513","page","type-page","status-publish","hentry"],"yoast_head":"<!-- This site is optimized with the Yoast SEO plugin v25.1 - https:\/\/yoast.com\/wordpress\/plugins\/seo\/ -->\n<title>Comp\u00e9tences en automation, robotique industrielle et optique - OP\u00b5S<\/title>\n<meta name=\"description\" content=\"Comp\u00e9tences en automation et automatismes industriels, robots industriels de haute pr\u00e9cision et syst\u00e8mes optiques pour l&#039;industrie par OP\u00b5S\" \/>\n<meta name=\"robots\" content=\"index, follow, max-snippet:-1, max-image-preview:large, max-video-preview:-1\" \/>\n<link rel=\"canonical\" href=\"https:\/\/www.optique-microsystemes.com\/fr\/competences\/\" \/>\n<meta property=\"og:locale\" content=\"fr_FR\" \/>\n<meta property=\"og:type\" content=\"article\" \/>\n<meta property=\"og:title\" content=\"Comp\u00e9tences en automation, robotique industrielle et optique - OP\u00b5S\" \/>\n<meta property=\"og:description\" content=\"Comp\u00e9tences en automation et automatismes industriels, robots industriels de haute pr\u00e9cision et syst\u00e8mes optiques pour l&#039;industrie par OP\u00b5S\" \/>\n<meta property=\"og:url\" content=\"https:\/\/www.optique-microsystemes.com\/fr\/competences\/\" \/>\n<meta property=\"og:site_name\" content=\"OP\u00b5S\" \/>\n<meta property=\"article:modified_time\" content=\"2024-04-10T15:01:30+00:00\" \/>\n<meta property=\"og:image\" content=\"https:\/\/www.optique-microsystemes.com\/wp-content\/uploads\/2021\/02\/logo-opus-open-graph.jpg\" \/>\n\t<meta property=\"og:image:width\" content=\"1200\" \/>\n\t<meta property=\"og:image:height\" content=\"630\" \/>\n\t<meta property=\"og:image:type\" content=\"image\/jpeg\" \/>\n<meta name=\"twitter:card\" content=\"summary_large_image\" \/>\n<meta name=\"twitter:label1\" content=\"Dur\u00e9e de lecture estim\u00e9e\" \/>\n\t<meta name=\"twitter:data1\" content=\"4 minutes\" \/>\n<script type=\"application\/ld+json\" class=\"yoast-schema-graph\">{\"@context\":\"https:\/\/schema.org\",\"@graph\":[{\"@type\":\"WebPage\",\"@id\":\"https:\/\/www.optique-microsystemes.com\/fr\/competences\/\",\"url\":\"https:\/\/www.optique-microsystemes.com\/fr\/competences\/\",\"name\":\"Comp\u00e9tences en automation, robotique industrielle et optique - OP\u00b5S\",\"isPartOf\":{\"@id\":\"https:\/\/www.optique-microsystemes.com\/fr\/#website\"},\"datePublished\":\"2020-06-03T13:43:55+00:00\",\"dateModified\":\"2024-04-10T15:01:30+00:00\",\"description\":\"Comp\u00e9tences en automation et automatismes industriels, robots industriels de haute pr\u00e9cision et syst\u00e8mes optiques pour l'industrie par OP\u00b5S\",\"breadcrumb\":{\"@id\":\"https:\/\/www.optique-microsystemes.com\/fr\/competences\/#breadcrumb\"},\"inLanguage\":\"fr-FR\",\"potentialAction\":[{\"@type\":\"ReadAction\",\"target\":[\"https:\/\/www.optique-microsystemes.com\/fr\/competences\/\"]}]},{\"@type\":\"BreadcrumbList\",\"@id\":\"https:\/\/www.optique-microsystemes.com\/fr\/competences\/#breadcrumb\",\"itemListElement\":[{\"@type\":\"ListItem\",\"position\":1,\"name\":\"Accueil\",\"item\":\"https:\/\/www.optique-microsystemes.com\/fr\/\"},{\"@type\":\"ListItem\",\"position\":2,\"name\":\"Comp\u00e9tences\"}]},{\"@type\":\"WebSite\",\"@id\":\"https:\/\/www.optique-microsystemes.com\/fr\/#website\",\"url\":\"https:\/\/www.optique-microsystemes.com\/fr\/\",\"name\":\"OP\u00b5S\",\"description\":\"Syst\u00e8mes optiques, robots de haute pr\u00e9cision, automation\",\"publisher\":{\"@id\":\"https:\/\/www.optique-microsystemes.com\/fr\/#organization\"},\"potentialAction\":[{\"@type\":\"SearchAction\",\"target\":{\"@type\":\"EntryPoint\",\"urlTemplate\":\"https:\/\/www.optique-microsystemes.com\/fr\/?s={search_term_string}\"},\"query-input\":{\"@type\":\"PropertyValueSpecification\",\"valueRequired\":true,\"valueName\":\"search_term_string\"}}],\"inLanguage\":\"fr-FR\"},{\"@type\":\"Organization\",\"@id\":\"https:\/\/www.optique-microsystemes.com\/fr\/#organization\",\"name\":\"OPTIQUE ET MICROSYSTEMES SA\",\"url\":\"https:\/\/www.optique-microsystemes.com\/fr\/\",\"logo\":{\"@type\":\"ImageObject\",\"inLanguage\":\"fr-FR\",\"@id\":\"https:\/\/www.optique-microsystemes.com\/fr\/#\/schema\/logo\/image\/\",\"url\":\"\",\"contentUrl\":\"\",\"caption\":\"OPTIQUE ET MICROSYSTEMES SA\"},\"image\":{\"@id\":\"https:\/\/www.optique-microsystemes.com\/fr\/#\/schema\/logo\/image\/\"}}]}<\/script>\n<!-- \/ Yoast SEO plugin. -->","yoast_head_json":{"title":"Comp\u00e9tences en automation, robotique industrielle et optique - OP\u00b5S","description":"Comp\u00e9tences en automation et automatismes industriels, robots industriels de haute pr\u00e9cision et syst\u00e8mes optiques pour l'industrie par OP\u00b5S","robots":{"index":"index","follow":"follow","max-snippet":"max-snippet:-1","max-image-preview":"max-image-preview:large","max-video-preview":"max-video-preview:-1"},"canonical":"https:\/\/www.optique-microsystemes.com\/fr\/competences\/","og_locale":"fr_FR","og_type":"article","og_title":"Comp\u00e9tences en automation, robotique industrielle et optique - OP\u00b5S","og_description":"Comp\u00e9tences en automation et automatismes industriels, robots industriels de haute pr\u00e9cision et syst\u00e8mes optiques pour l'industrie par OP\u00b5S","og_url":"https:\/\/www.optique-microsystemes.com\/fr\/competences\/","og_site_name":"OP\u00b5S","article_modified_time":"2024-04-10T15:01:30+00:00","og_image":[{"width":1200,"height":630,"url":"https:\/\/www.optique-microsystemes.com\/wp-content\/uploads\/2021\/02\/logo-opus-open-graph.jpg","type":"image\/jpeg"}],"twitter_card":"summary_large_image","twitter_misc":{"Dur\u00e9e de lecture estim\u00e9e":"4 minutes"},"schema":{"@context":"https:\/\/schema.org","@graph":[{"@type":"WebPage","@id":"https:\/\/www.optique-microsystemes.com\/fr\/competences\/","url":"https:\/\/www.optique-microsystemes.com\/fr\/competences\/","name":"Comp\u00e9tences en automation, robotique industrielle et optique - OP\u00b5S","isPartOf":{"@id":"https:\/\/www.optique-microsystemes.com\/fr\/#website"},"datePublished":"2020-06-03T13:43:55+00:00","dateModified":"2024-04-10T15:01:30+00:00","description":"Comp\u00e9tences en automation et automatismes industriels, robots industriels de haute pr\u00e9cision et syst\u00e8mes optiques pour l'industrie par OP\u00b5S","breadcrumb":{"@id":"https:\/\/www.optique-microsystemes.com\/fr\/competences\/#breadcrumb"},"inLanguage":"fr-FR","potentialAction":[{"@type":"ReadAction","target":["https:\/\/www.optique-microsystemes.com\/fr\/competences\/"]}]},{"@type":"BreadcrumbList","@id":"https:\/\/www.optique-microsystemes.com\/fr\/competences\/#breadcrumb","itemListElement":[{"@type":"ListItem","position":1,"name":"Accueil","item":"https:\/\/www.optique-microsystemes.com\/fr\/"},{"@type":"ListItem","position":2,"name":"Comp\u00e9tences"}]},{"@type":"WebSite","@id":"https:\/\/www.optique-microsystemes.com\/fr\/#website","url":"https:\/\/www.optique-microsystemes.com\/fr\/","name":"OP\u00b5S","description":"Syst\u00e8mes optiques, robots de haute pr\u00e9cision, automation","publisher":{"@id":"https:\/\/www.optique-microsystemes.com\/fr\/#organization"},"potentialAction":[{"@type":"SearchAction","target":{"@type":"EntryPoint","urlTemplate":"https:\/\/www.optique-microsystemes.com\/fr\/?s={search_term_string}"},"query-input":{"@type":"PropertyValueSpecification","valueRequired":true,"valueName":"search_term_string"}}],"inLanguage":"fr-FR"},{"@type":"Organization","@id":"https:\/\/www.optique-microsystemes.com\/fr\/#organization","name":"OPTIQUE ET MICROSYSTEMES SA","url":"https:\/\/www.optique-microsystemes.com\/fr\/","logo":{"@type":"ImageObject","inLanguage":"fr-FR","@id":"https:\/\/www.optique-microsystemes.com\/fr\/#\/schema\/logo\/image\/","url":"","contentUrl":"","caption":"OPTIQUE ET MICROSYSTEMES SA"},"image":{"@id":"https:\/\/www.optique-microsystemes.com\/fr\/#\/schema\/logo\/image\/"}}]}},"_links":{"self":[{"href":"https:\/\/www.optique-microsystemes.com\/fr\/wp-json\/wp\/v2\/pages\/8513","targetHints":{"allow":["GET"]}}],"collection":[{"href":"https:\/\/www.optique-microsystemes.com\/fr\/wp-json\/wp\/v2\/pages"}],"about":[{"href":"https:\/\/www.optique-microsystemes.com\/fr\/wp-json\/wp\/v2\/types\/page"}],"author":[{"embeddable":true,"href":"https:\/\/www.optique-microsystemes.com\/fr\/wp-json\/wp\/v2\/users\/1"}],"replies":[{"embeddable":true,"href":"https:\/\/www.optique-microsystemes.com\/fr\/wp-json\/wp\/v2\/comments?post=8513"}],"version-history":[{"count":1,"href":"https:\/\/www.optique-microsystemes.com\/fr\/wp-json\/wp\/v2\/pages\/8513\/revisions"}],"predecessor-version":[{"id":9789,"href":"https:\/\/www.optique-microsystemes.com\/fr\/wp-json\/wp\/v2\/pages\/8513\/revisions\/9789"}],"wp:attachment":[{"href":"https:\/\/www.optique-microsystemes.com\/fr\/wp-json\/wp\/v2\/media?parent=8513"}],"curies":[{"name":"wp","href":"https:\/\/api.w.org\/{rel}","templated":true}]}}